{"id":1038,"date":"2025-11-07T15:02:03","date_gmt":"2025-11-07T14:02:03","guid":{"rendered":"https:\/\/moncoachvirtuel.fr\/?page_id=1038"},"modified":"2025-11-07T15:02:05","modified_gmt":"2025-11-07T14:02:05","slug":"welcome-to-mon-coach-virtuel","status":"publish","type":"page","link":"https:\/\/moncoachvirtuel.fr\/en\/welcome-to-mon-coach-virtuel\/","title":{"rendered":"Welcome to Mon Coach Virtuel"},"content":{"rendered":"<p class=\"wp-block-paragraph\">The platform dedicated to building, developing, and leading your commercial strategy.<\/p>\n\n\n\n<p class=\"wp-block-paragraph\"><strong>You\u2019re in the right place if\u2026<\/strong><\/p>\n\n\n\n<ul class=\"wp-block-list\">\n<li>You have a business idea but don\u2019t know where to start when it comes to selling.<\/li>\n\n\n\n<li>You\u2019re already selling but want to optimise your results and make better strategic decisions.<\/li>\n\n\n\n<li>Your sales are growing, and it\u2019s time to structure your commercial activity.<\/li>\n<\/ul>\n\n\n\n<hr class=\"wp-block-separator has-alpha-channel-opacity\"\/>\n\n\n\n<p class=\"wp-block-paragraph\"><strong>Our Mission<\/strong><\/p>\n\n\n\n<p class=\"wp-block-paragraph\">We help you build a clear, effective, and sustainable sales strategy through a wide range of practical tools and proven methods\u2014designed for every stage of your company\u2019s growth.<\/p>\n\n\n\n<hr class=\"wp-block-separator has-alpha-channel-opacity\"\/>\n\n\n\n<p class=\"wp-block-paragraph\"><strong>Who Is It For?<\/strong><\/p>\n\n\n\n<p class=\"wp-block-paragraph\">For small and medium-sized enterprise owners, entrepreneurs, freelancers, consultants, trainers, and self-employed professionals who want to:<\/p>\n\n\n\n<ul class=\"wp-block-list\">\n<li>Grow their business<\/li>\n\n\n\n<li>Increase their revenue<\/li>\n\n\n\n<li>Structure their sales strategy<\/li>\n<\/ul>\n\n\n\n<hr class=\"wp-block-separator has-alpha-channel-opacity\"\/>\n\n\n\n<p class=\"wp-block-paragraph\"><strong>How We Work<\/strong><\/p>\n\n\n\n<p class=\"wp-block-paragraph\">By providing you with the same tools and methods that a Sales Director or Strategic Sales Coach would use to support you.<br>Simple, practical, ready-to-use tools to help you analyse, decide, and take action effectively.<\/p>\n\n\n\n<hr class=\"wp-block-separator has-alpha-channel-opacity\"\/>\n\n\n\n<p class=\"wp-block-paragraph\"><strong>A Tested and Proven Methodology<\/strong><\/p>\n\n\n\n<p class=\"wp-block-paragraph\">Every tool we offer has been applied and validated in real business situations:<\/p>\n\n\n\n<ul class=\"wp-block-list\">\n<li>Brand creation<\/li>\n\n\n\n<li>Product and company launches<\/li>\n\n\n\n<li>Sales performance management and sales team recruitment<\/li>\n<\/ul>\n\n\n\n<p class=\"wp-block-paragraph\">All have been refined and optimised to fit any type of client, product, or service.<\/p>\n\n\n\n<hr class=\"wp-block-separator has-alpha-channel-opacity\"\/>\n\n\n\n<p class=\"wp-block-paragraph\"><strong>Our Kits: Your Path to Success<\/strong><\/p>\n\n\n\n<p class=\"wp-block-paragraph\">Depending on your company\u2019s stage of development, our kits guide you through your thinking and your actions.<\/p>\n\n\n\n<p class=\"wp-block-paragraph\"><strong>Create \u2013 Develop \u2013 Lead<\/strong><\/p>\n\n\n\n<ul class=\"wp-block-list\">\n<li><strong>Create:<\/strong> Lay the solid foundations of your commercial strategy. Define your target, your pricing, and your communication tools.<\/li>\n\n\n\n<li><strong>Develop:<\/strong> Structure your sales approach, stand out from the competition, and prospect efficiently.<\/li>\n\n\n\n<li><strong>Lead:<\/strong> Measure performance, manage your team, and optimise your results.<\/li>\n<\/ul>\n\n\n\n<hr class=\"wp-block-separator has-alpha-channel-opacity\"\/>\n\n\n\n<p class=\"wp-block-paragraph\"><strong>The Benefits<\/strong><\/p>\n\n\n\n<ul class=\"wp-block-list\">\n<li>Progress at your own pace, with full autonomy.<\/li>\n\n\n\n<li>Make clear, structured decisions.<\/li>\n\n\n\n<li>Optimise your sales performance sustainably.<\/li>\n<\/ul>\n\n\n\n<p class=\"wp-block-paragraph\">Behind every successful sale lies a clear strategy, a high-performing team, and a well-structured organisation.<\/p>\n\n\n\n<hr class=\"wp-block-separator has-alpha-channel-opacity\"\/>\n\n\n\n<p class=\"wp-block-paragraph\"><strong>Discover Our Practical Kits<\/strong><\/p>\n\n\n\n<p class=\"wp-block-paragraph\">Simple, hands-on solutions to help you become the coach of your own success.<\/p>","protected":false},"excerpt":{"rendered":"<p>The platform dedicated to building, developing, and leading your commercial strategy. You\u2019re in the right place if\u2026 Our Mission We help you build a clear, effective, and sustainable sales strategy through a wide range of practical tools and proven methods\u2014designed for every stage of your company\u2019s growth. Who Is It For? For small and medium-sized [&hellip;]<\/p>\n","protected":false},"author":143634922,"featured_media":0,"parent":0,"menu_order":0,"comment_status":"closed","ping_status":"closed","template":"","meta":{"_crdt_document":"","jetpack_post_was_ever_published":false,"footnotes":""},"class_list":["post-1038","page","type-page","status-publish","hentry"],"yoast_head":"<!-- This site is optimized with the Yoast SEO plugin v27.3 - https:\/\/yoast.com\/product\/yoast-seo-wordpress\/ -->\n<title>Welcome to Mon Coach Virtuel sell more | better | repeatedly Mon Coach Virtuel | Strat\u00e9gie commerciale, d\u00e9veloppement et performance des ventes - sell more | better | repeatedly<\/title>\n<meta name=\"description\" content=\"Boostez vos ventes et structurez votre activit\u00e9 avec Mon Coach Virtuel. D\u00e9couvrez nos kits pratiques et outils strat\u00e9giques pour cr\u00e9er, d\u00e9velopper et piloter votre strat\u00e9gie commerciale en toute autonomie.\" \/>\n<meta name=\"robots\" content=\"index, follow, max-snippet:-1, max-image-preview:large, max-video-preview:-1\" \/>\n<link rel=\"canonical\" href=\"https:\/\/moncoachvirtuel.fr\/en\/welcome-to-mon-coach-virtuel\/\" \/>\n<meta property=\"og:locale\" content=\"en_GB\" \/>\n<meta property=\"og:type\" content=\"article\" \/>\n<meta property=\"og:title\" content=\"Welcome to Mon Coach Virtuel sell more | better | repeatedly Mon Coach Virtuel | Strat\u00e9gie commerciale, d\u00e9veloppement et performance des ventes - sell more | better | repeatedly\" \/>\n<meta property=\"og:description\" content=\"Boostez vos ventes et structurez votre activit\u00e9 avec Mon Coach Virtuel. D\u00e9couvrez nos kits pratiques et outils strat\u00e9giques pour cr\u00e9er, d\u00e9velopper et piloter votre strat\u00e9gie commerciale en toute autonomie.\" \/>\n<meta property=\"og:url\" content=\"https:\/\/moncoachvirtuel.fr\/en\/welcome-to-mon-coach-virtuel\/\" \/>\n<meta property=\"og:site_name\" content=\"sell more | better | repeatedly\" \/>\n<meta property=\"article:modified_time\" content=\"2025-11-07T14:02:05+00:00\" \/>\n<meta name=\"twitter:card\" content=\"summary_large_image\" \/>\n<meta name=\"twitter:label1\" content=\"Estimated reading time\" \/>\n\t<meta name=\"twitter:data1\" content=\"2 minutes\" \/>\n<script type=\"application\/ld+json\" class=\"yoast-schema-graph\">{\"@context\":\"https:\\\/\\\/schema.org\",\"@graph\":[{\"@type\":\"WebPage\",\"@id\":\"https:\\\/\\\/moncoachvirtuel.fr\\\/en\\\/welcome-to-mon-coach-virtuel\\\/\",\"url\":\"https:\\\/\\\/moncoachvirtuel.fr\\\/en\\\/welcome-to-mon-coach-virtuel\\\/\",\"name\":\"Welcome to Mon Coach Virtuel sell more | better | repeatedly Mon Coach Virtuel | Strat\u00e9gie commerciale, d\u00e9veloppement et performance des ventes - sell more | better | repeatedly\",\"isPartOf\":{\"@id\":\"https:\\\/\\\/moncoachvirtuel.fr\\\/en\\\/#website\"},\"datePublished\":\"2025-11-07T14:02:03+00:00\",\"dateModified\":\"2025-11-07T14:02:05+00:00\",\"description\":\"Boostez vos ventes et structurez votre activit\u00e9 avec Mon Coach Virtuel. D\u00e9couvrez nos kits pratiques et outils strat\u00e9giques pour cr\u00e9er, d\u00e9velopper et piloter votre strat\u00e9gie commerciale en toute autonomie.\",\"breadcrumb\":{\"@id\":\"https:\\\/\\\/moncoachvirtuel.fr\\\/en\\\/welcome-to-mon-coach-virtuel\\\/#breadcrumb\"},\"inLanguage\":\"en-GB\",\"potentialAction\":[{\"@type\":\"ReadAction\",\"target\":[\"https:\\\/\\\/moncoachvirtuel.fr\\\/en\\\/welcome-to-mon-coach-virtuel\\\/\"]}]},{\"@type\":\"BreadcrumbList\",\"@id\":\"https:\\\/\\\/moncoachvirtuel.fr\\\/en\\\/welcome-to-mon-coach-virtuel\\\/#breadcrumb\",\"itemListElement\":[{\"@type\":\"ListItem\",\"position\":1,\"name\":\"Accueil\",\"item\":\"https:\\\/\\\/moncoachvirtuel.fr\\\/en\\\/welcome-to-mon-coach-virtuel\\\/\"},{\"@type\":\"ListItem\",\"position\":2,\"name\":\"Accueil\"}]},{\"@type\":\"WebSite\",\"@id\":\"https:\\\/\\\/moncoachvirtuel.fr\\\/en\\\/#website\",\"url\":\"https:\\\/\\\/moncoachvirtuel.fr\\\/en\\\/\",\"name\":\"Devenez expert de votre strat\u00e9gie commerciale pour vendre plus, mieux et durablement\",\"description\":\"Devenez expert de votre strat\u00e9gie commerciale | Master your sales strategy\",\"publisher\":{\"@id\":\"https:\\\/\\\/moncoachvirtuel.fr\\\/en\\\/#organization\"},\"potentialAction\":[{\"@type\":\"SearchAction\",\"target\":{\"@type\":\"EntryPoint\",\"urlTemplate\":\"https:\\\/\\\/moncoachvirtuel.fr\\\/en\\\/?s={search_term_string}\"},\"query-input\":{\"@type\":\"PropertyValueSpecification\",\"valueRequired\":true,\"valueName\":\"search_term_string\"}}],\"inLanguage\":\"en-GB\"},{\"@type\":\"Organization\",\"@id\":\"https:\\\/\\\/moncoachvirtuel.fr\\\/en\\\/#organization\",\"name\":\"MonCoachVirtuel\",\"url\":\"https:\\\/\\\/moncoachvirtuel.fr\\\/en\\\/\",\"logo\":{\"@type\":\"ImageObject\",\"inLanguage\":\"en-GB\",\"@id\":\"https:\\\/\\\/moncoachvirtuel.fr\\\/en\\\/#\\\/schema\\\/logo\\\/image\\\/\",\"url\":\"https:\\\/\\\/i0.wp.com\\\/moncoachvirtuel.fr\\\/wp-content\\\/uploads\\\/2025\\\/10\\\/logo-removebg-preview.png?fit=479%2C479&ssl=1\",\"contentUrl\":\"https:\\\/\\\/i0.wp.com\\\/moncoachvirtuel.fr\\\/wp-content\\\/uploads\\\/2025\\\/10\\\/logo-removebg-preview.png?fit=479%2C479&ssl=1\",\"width\":479,\"height\":479,\"caption\":\"MonCoachVirtuel\"},\"image\":{\"@id\":\"https:\\\/\\\/moncoachvirtuel.fr\\\/en\\\/#\\\/schema\\\/logo\\\/image\\\/\"},\"sameAs\":[\"https:\\\/\\\/www.linkedin.com\\\/company\\\/optimise-your-commercial-strategy-b2b\\\/?viewAsMember=true\"]}]}<\/script>\n<!-- \/ Yoast SEO plugin. -->","yoast_head_json":{"title":"Welcome to Mon Coach Virtuel sell more | better | repeatedly Mon Coach Virtuel | Strat\u00e9gie commerciale, d\u00e9veloppement et performance des ventes - sell more | better | repeatedly","description":"Boostez vos ventes et structurez votre activit\u00e9 avec Mon Coach Virtuel. D\u00e9couvrez nos kits pratiques et outils strat\u00e9giques pour cr\u00e9er, d\u00e9velopper et piloter votre strat\u00e9gie commerciale en toute autonomie.","robots":{"index":"index","follow":"follow","max-snippet":"max-snippet:-1","max-image-preview":"max-image-preview:large","max-video-preview":"max-video-preview:-1"},"canonical":"https:\/\/moncoachvirtuel.fr\/en\/welcome-to-mon-coach-virtuel\/","og_locale":"en_GB","og_type":"article","og_title":"Welcome to Mon Coach Virtuel sell more | better | repeatedly Mon Coach Virtuel | Strat\u00e9gie commerciale, d\u00e9veloppement et performance des ventes - sell more | better | repeatedly","og_description":"Boostez vos ventes et structurez votre activit\u00e9 avec Mon Coach Virtuel. D\u00e9couvrez nos kits pratiques et outils strat\u00e9giques pour cr\u00e9er, d\u00e9velopper et piloter votre strat\u00e9gie commerciale en toute autonomie.","og_url":"https:\/\/moncoachvirtuel.fr\/en\/welcome-to-mon-coach-virtuel\/","og_site_name":"sell more | better | repeatedly","article_modified_time":"2025-11-07T14:02:05+00:00","twitter_card":"summary_large_image","twitter_misc":{"Estimated reading time":"2 minutes"},"schema":{"@context":"https:\/\/schema.org","@graph":[{"@type":"WebPage","@id":"https:\/\/moncoachvirtuel.fr\/en\/welcome-to-mon-coach-virtuel\/","url":"https:\/\/moncoachvirtuel.fr\/en\/welcome-to-mon-coach-virtuel\/","name":"Welcome to Mon Coach Virtuel sell more | better | repeatedly Mon Coach Virtuel | Strat\u00e9gie commerciale, d\u00e9veloppement et performance des ventes - sell more | better | repeatedly","isPartOf":{"@id":"https:\/\/moncoachvirtuel.fr\/en\/#website"},"datePublished":"2025-11-07T14:02:03+00:00","dateModified":"2025-11-07T14:02:05+00:00","description":"Boostez vos ventes et structurez votre activit\u00e9 avec Mon Coach Virtuel. D\u00e9couvrez nos kits pratiques et outils strat\u00e9giques pour cr\u00e9er, d\u00e9velopper et piloter votre strat\u00e9gie commerciale en toute autonomie.","breadcrumb":{"@id":"https:\/\/moncoachvirtuel.fr\/en\/welcome-to-mon-coach-virtuel\/#breadcrumb"},"inLanguage":"en-GB","potentialAction":[{"@type":"ReadAction","target":["https:\/\/moncoachvirtuel.fr\/en\/welcome-to-mon-coach-virtuel\/"]}]},{"@type":"BreadcrumbList","@id":"https:\/\/moncoachvirtuel.fr\/en\/welcome-to-mon-coach-virtuel\/#breadcrumb","itemListElement":[{"@type":"ListItem","position":1,"name":"Accueil","item":"https:\/\/moncoachvirtuel.fr\/en\/welcome-to-mon-coach-virtuel\/"},{"@type":"ListItem","position":2,"name":"Accueil"}]},{"@type":"WebSite","@id":"https:\/\/moncoachvirtuel.fr\/en\/#website","url":"https:\/\/moncoachvirtuel.fr\/en\/","name":"Devenez expert de votre strat\u00e9gie commerciale pour vendre plus, mieux et durablement","description":"Devenez expert de votre strat\u00e9gie commerciale | Master your sales strategy","publisher":{"@id":"https:\/\/moncoachvirtuel.fr\/en\/#organization"},"potentialAction":[{"@type":"SearchAction","target":{"@type":"EntryPoint","urlTemplate":"https:\/\/moncoachvirtuel.fr\/en\/?s={search_term_string}"},"query-input":{"@type":"PropertyValueSpecification","valueRequired":true,"valueName":"search_term_string"}}],"inLanguage":"en-GB"},{"@type":"Organization","@id":"https:\/\/moncoachvirtuel.fr\/en\/#organization","name":"MonCoachVirtuel","url":"https:\/\/moncoachvirtuel.fr\/en\/","logo":{"@type":"ImageObject","inLanguage":"en-GB","@id":"https:\/\/moncoachvirtuel.fr\/en\/#\/schema\/logo\/image\/","url":"https:\/\/i0.wp.com\/moncoachvirtuel.fr\/wp-content\/uploads\/2025\/10\/logo-removebg-preview.png?fit=479%2C479&ssl=1","contentUrl":"https:\/\/i0.wp.com\/moncoachvirtuel.fr\/wp-content\/uploads\/2025\/10\/logo-removebg-preview.png?fit=479%2C479&ssl=1","width":479,"height":479,"caption":"MonCoachVirtuel"},"image":{"@id":"https:\/\/moncoachvirtuel.fr\/en\/#\/schema\/logo\/image\/"},"sameAs":["https:\/\/www.linkedin.com\/company\/optimise-your-commercial-strategy-b2b\/?viewAsMember=true"]}]}},"jetpack_likes_enabled":true,"jetpack_sharing_enabled":true,"jetpack_shortlink":"https:\/\/wp.me\/PgQYn0-gK","jetpack-related-posts":[{"id":1069,"url":"https:\/\/moncoachvirtuel.fr\/en\/developing-my-commercial-activity\/","url_meta":{"origin":1038,"position":0},"title":"Developing my Commercial Activity","author":"moncoachvirtuel","date":"7 November 2025","format":false,"excerpt":"From strategy to action: structure your growth Behind every successful sale lies a clear strategy, a high-performing team, and a well-structured organisation. You\u2019re Ready for the Next Step You\u2019ve defined your 4 Ps \u2014 Product, Price, Place, and Promotion \u2014 and established the foundations of your marketing strategy.Now it\u2019s time\u2026","rel":"","context":"Similar post","block_context":{"text":"Similar post","link":""},"img":{"alt_text":"","src":"https:\/\/i0.wp.com\/moncoachvirtuel.fr\/wp-content\/uploads\/2025\/11\/USP1.png?resize=350%2C200&ssl=1","width":350,"height":200,"srcset":"https:\/\/i0.wp.com\/moncoachvirtuel.fr\/wp-content\/uploads\/2025\/11\/USP1.png?resize=350%2C200&ssl=1 1x, https:\/\/i0.wp.com\/moncoachvirtuel.fr\/wp-content\/uploads\/2025\/11\/USP1.png?resize=525%2C300&ssl=1 1.5x"},"classes":[]},{"id":891,"url":"https:\/\/moncoachvirtuel.fr\/en\/creating-your-business-development-team\/","url_meta":{"origin":1038,"position":1},"title":"Building my Sales Team","author":"moncoachvirtuel","date":"5 November 2025","format":false,"excerpt":"Accelerate Your Growth You\u2019re already selling and achieving great results \u2014 congratulations! It may now be time to structure and delegate your sales activity by creating a dedicated sales team.This step will allow you to free up time to focus on the overall management of your business while boosting your\u2026","rel":"","context":"Similar post","block_context":{"text":"Similar post","link":""},"img":{"alt_text":"","src":"","width":0,"height":0},"classes":[]},{"id":1041,"url":"https:\/\/moncoachvirtuel.fr\/en\/our-solutions\/","url_meta":{"origin":1038,"position":2},"title":"Our Solutions","author":"moncoachvirtuel","date":"7 November 2025","format":false,"excerpt":"To boost your commercial performance Behind every successful sale lies a clear strategy, a high-performing team, and a well-structured organisation. How to Increase Your Sales Revenue? We provide you with practical guides and concrete tools to help you launch, develop, and lead your commercial activity. Whether you are launching a\u2026","rel":"","context":"Similar post","block_context":{"text":"Similar post","link":""},"img":{"alt_text":"","src":"https:\/\/i0.wp.com\/moncoachvirtuel.fr\/wp-content\/uploads\/2025\/11\/image-removebg-preview-5.png?resize=350%2C200&ssl=1","width":350,"height":200},"classes":[]},{"id":1046,"url":"https:\/\/moncoachvirtuel.fr\/en\/launching-my-commercial-activity\/","url_meta":{"origin":1038,"position":3},"title":"Launching my commercial activity","author":"moncoachvirtuel","date":"7 November 2025","format":false,"excerpt":"Lay the solid foundations of your sales strategy Behind every successful sale lies a clear strategy, a high-performing team, and a well-structured organisation. The Preparation Phase: Thinking Before Acting Creating your commercial activity starts with one essential step \u2014 building your marketing mix, also known as mapping your offer. This\u2026","rel":"","context":"Similar post","block_context":{"text":"Similar post","link":""},"img":{"alt_text":"","src":"https:\/\/i0.wp.com\/moncoachvirtuel.fr\/wp-content\/uploads\/2025\/11\/target1.png?resize=350%2C200&ssl=1","width":350,"height":200,"srcset":"https:\/\/i0.wp.com\/moncoachvirtuel.fr\/wp-content\/uploads\/2025\/11\/target1.png?resize=350%2C200&ssl=1 1x, https:\/\/i0.wp.com\/moncoachvirtuel.fr\/wp-content\/uploads\/2025\/11\/target1.png?resize=525%2C300&ssl=1 1.5x"},"classes":[]},{"id":1081,"url":"https:\/\/moncoachvirtuel.fr\/en\/defining-my-selling-price\/","url_meta":{"origin":1038,"position":4},"title":"Defining my Selling Price","author":"moncoachvirtuel","date":"7 November 2025","format":false,"excerpt":"Ensure the Profitability of Your Business Setting the right selling price for your products or services is a crucial step.This decision directly impacts your profitability, sustainability, and market positioning. A price that\u2019s too low may attract clients but will significantly reduce your margins and weaken your business viability.A price that\u2019s\u2026","rel":"","context":"Similar post","block_context":{"text":"Similar post","link":""},"img":{"alt_text":"","src":"","width":0,"height":0},"classes":[]},{"id":1084,"url":"https:\/\/moncoachvirtuel.fr\/en\/defining-my-unique-selling-proposition-ups\/","url_meta":{"origin":1038,"position":5},"title":"Defining my Unique Selling Proposition (UPS)","author":"moncoachvirtuel","date":"7 November 2025","format":false,"excerpt":"Stand Out from the Competition In an increasingly competitive market, differentiation is the key to selling more \u2014 and better.Once your marketing mix is defined, the next step is to identify what makes your offer truly unique: your value proposition. Why Differentiate? The essential question to ask yourself is simple:\u2026","rel":"","context":"Similar post","block_context":{"text":"Similar post","link":""},"img":{"alt_text":"","src":"","width":0,"height":0},"classes":[]}],"_links":{"self":[{"href":"https:\/\/moncoachvirtuel.fr\/en\/wp-json\/wp\/v2\/pages\/1038","targetHints":{"allow":["GET"]}}],"collection":[{"href":"https:\/\/moncoachvirtuel.fr\/en\/wp-json\/wp\/v2\/pages"}],"about":[{"href":"https:\/\/moncoachvirtuel.fr\/en\/wp-json\/wp\/v2\/types\/page"}],"author":[{"embeddable":true,"href":"https:\/\/moncoachvirtuel.fr\/en\/wp-json\/wp\/v2\/users\/143634922"}],"replies":[{"embeddable":true,"href":"https:\/\/moncoachvirtuel.fr\/en\/wp-json\/wp\/v2\/comments?post=1038"}],"version-history":[{"count":1,"href":"https:\/\/moncoachvirtuel.fr\/en\/wp-json\/wp\/v2\/pages\/1038\/revisions"}],"predecessor-version":[{"id":1040,"href":"https:\/\/moncoachvirtuel.fr\/en\/wp-json\/wp\/v2\/pages\/1038\/revisions\/1040"}],"wp:attachment":[{"href":"https:\/\/moncoachvirtuel.fr\/en\/wp-json\/wp\/v2\/media?parent=1038"}],"curies":[{"name":"wp","href":"https:\/\/api.w.org\/{rel}","templated":true}]}}